{"id":8191,"date":"2024-03-19T13:13:18","date_gmt":"2024-03-19T13:13:18","guid":{"rendered":"https:\/\/pasoverde.eu\/?post_type=product&#038;p=8191"},"modified":"2024-03-19T13:13:18","modified_gmt":"2024-03-19T13:13:18","slug":"inwerter-hybrydowy-jup-1p8g2-le-chisage-ess","status":"publish","type":"product","link":"https:\/\/pasoverde.eu\/ro\/produkt\/inwerter-hybrydowy-jup-1p8g2-le-chisage-ess\/","title":{"rendered":"Inwerter hybrydowy Jup-1P8G2-LE CHISAGE ESS"},"content":{"rendered":"<p><a href=\"https:\/\/pasoverde.eu\/wp-content\/uploads\/2024\/03\/CHISAGE-ESS.webp\"><img fetchpriority=\"high\" decoding=\"async\" class=\"size-full wp-image-7857\" src=\"https:\/\/pasoverde.eu\/wp-content\/uploads\/2024\/03\/CHISAGE-ESS.webp\" alt=\"CHISAGE ESS\" width=\"400\" height=\"400\" srcset=\"https:\/\/pasoverde.eu\/wp-content\/uploads\/2024\/03\/CHISAGE-ESS.webp 400w, https:\/\/pasoverde.eu\/wp-content\/uploads\/2024\/03\/CHISAGE-ESS-300x300.webp 300w, https:\/\/pasoverde.eu\/wp-content\/uploads\/2024\/03\/CHISAGE-ESS-150x150.webp 150w\" sizes=\"(max-width: 400px) 100vw, 400px\" \/><\/a><\/p>\n<ul>\n<li>Znamionowa moc wyj\u015bciowa pr\u0105du przemiennego 5\u201310 kW<\/li>\n<li>Opcjonalne wykrywanie uszkodze\u0144 \u0142uku elektrycznego<\/li>\n<li>Wsparcie magazynowania energii z generatora diesla<\/li>\n<li>Obs\u0142uga prze\u0142\u0105cznika trybu w\u0142\u0105czania\/wy\u0142\u0105czania siatki, wyj\u015bcie EPS<\/li>\n<li>20 falownik\u00f3w PCS po\u0142\u0105czonych r\u00f3wnolegle do pracy poza sieci\u0105<\/li>\n<li>Niezale\u017cny port wej\u015bciowy AC dla generatora diesla<\/li>\n<li>Kolorowy, dotykowy wy\u015bwietlacz LCD o przek\u0105tnej 5 cali, stopie\u0144 ochrony IP65<\/li>\n<li>Obs\u0142uga po\u0142\u0105czenia r\u00f3wnoleg\u0142ego r\u00f3\u017cnych falownik\u00f3w<\/li>\n<li>Obs\u0142uga \u0142adowania\/roz\u0142adowywania baterii zgodnie z ustawieniem czasu<\/li>\n<\/ul>\n<p>&nbsp;<\/p>\n<p><strong>Dane techniczne<\/strong><\/p>\n<table>\n<thead>\n<tr>\n<th>Parametr<\/th>\n<th>Warto\u015b\u0107<\/th>\n<\/tr>\n<\/thead>\n<tbody>\n<tr>\n<td colspan=\"2\"><strong>Dane wej\u015bciowe baterii<\/strong><\/td>\n<\/tr>\n<tr>\n<td>Typ Baterii<\/td>\n<td>Kwasowo-o\u0142owiowy lub Li-Lon<\/td>\n<\/tr>\n<tr>\n<td>Zakres napi\u0119cia akumulatora (V)<\/td>\n<td>40-60<\/td>\n<\/tr>\n<tr>\n<td>Maks. Pr\u0105d \u0142adowania (A)<\/td>\n<td>190<\/td>\n<\/tr>\n<tr>\n<td>Maks. Pr\u0105d roz\u0142adowania (A)<\/td>\n<td>190<\/td>\n<\/tr>\n<tr>\n<td>Krzywa \u0142adowania<\/td>\n<td>3 etapy\/wyr\u00f3wnanie<\/td>\n<\/tr>\n<tr>\n<td>Zewn\u0119trzny czujnik temperatury<\/td>\n<td>Opcjonalny<\/td>\n<\/tr>\n<tr>\n<td>Strategia \u0142adowania akumulatora litowo-jonowego<\/td>\n<td>Samoadaptacja do BMS<\/td>\n<\/tr>\n<tr>\n<td colspan=\"2\"><strong>Dane wej\u015bciowe ci\u0105gu fotowoltaicznego<\/strong><\/td>\n<\/tr>\n<tr>\n<td>Maks. Moc wej\u015bciowa pr\u0105du sta\u0142ego (W)<\/td>\n<td>12 000<\/td>\n<\/tr>\n<tr>\n<td>Napi\u0119cie wej\u015bciowe PV (V)<\/td>\n<td>370(125~500)<\/td>\n<\/tr>\n<tr>\n<td>Zakres MPPT (V)<\/td>\n<td>150 ~ 425<\/td>\n<\/tr>\n<tr>\n<td>Napi\u0119cie rozruchowe (V)<\/td>\n<td>120<\/td>\n<\/tr>\n<tr>\n<td>Pr\u0105d wej\u015bciowy PV (A)<\/td>\n<td>26+26<\/td>\n<\/tr>\n<tr>\n<td>Maks. PV ISC (A)<\/td>\n<td>34+34<\/td>\n<\/tr>\n<tr>\n<td>Liczba tracker\u00f3w MPPT<\/td>\n<td>2<\/td>\n<\/tr>\n<tr>\n<td>Liczba ci\u0105g\u00f3w na tracker MPPT<\/td>\n<td>2+2<\/td>\n<\/tr>\n<tr>\n<td colspan=\"2\"><strong>Dane wyj\u015bciowe pr\u0105du przemiennego<\/strong><\/td>\n<\/tr>\n<tr>\n<td>Znamionowa moc wyj\u015bciowa pr\u0105du przemiennego i moc UPS (W)<\/td>\n<td>8000<\/td>\n<\/tr>\n<tr>\n<td>Maks. Moc wyj\u015bciowa pr\u0105du przemiennego (W)<\/td>\n<td>9600<\/td>\n<\/tr>\n<tr>\n<td>Moc szczytowa (poza sieci\u0105)<\/td>\n<td>1,8-krotno\u015b\u0107 mocy znamionowej, 10 s<\/td>\n<\/tr>\n<tr>\n<td>Pr\u0105d znamionowy wyj\u015bcia AC (A)<\/td>\n<td>34,5\/33<\/td>\n<\/tr>\n<tr>\n<td>Maks. Pr\u0105d przemienny (A)<\/td>\n<td>40\/38,3<\/td>\n<\/tr>\n<tr>\n<td>Maks. Ci\u0105g\u0142e przej\u015bcie pr\u0105du przemiennego (A)<\/td>\n<td>50<\/td>\n<\/tr>\n<tr>\n<td>Wsp\u00f3\u0142czynnik mocy<\/td>\n<td>0,8 prowadzi do 0,8 op\u00f3\u017anienia<\/td>\n<\/tr>\n<tr>\n<td>Cz\u0119stotliwo\u015b\u0107 wyj\u015bciowa i napi\u0119cie<\/td>\n<td>50\/60 Hz, 220\/230 V AC (jednofazowy)<\/td>\n<\/tr>\n<tr>\n<td>Typ siatki<\/td>\n<td>jednofazowy<\/td>\n<\/tr>\n<tr>\n<td>Aktualne zniekszta\u0142cenie harmoniczne<\/td>\n<td>THD &lt;3% (obci\u0105\u017cenie liniowe &lt;1,5%)<\/td>\n<\/tr>\n<tr>\n<td colspan=\"2\"><strong>Efektywno\u015b\u0107<\/strong><\/td>\n<\/tr>\n<tr>\n<td>Maks. Efektywno\u015b\u0107<\/td>\n<td>97,90%<\/td>\n<\/tr>\n<tr>\n<td>Wydajno\u015b\u0107 euro<\/td>\n<td>96,90%<\/td>\n<\/tr>\n<tr>\n<td>Wydajno\u015b\u0107 MPPT<\/td>\n<td>99,90%<\/td>\n<\/tr>\n<tr>\n<td colspan=\"2\"><strong>Ochrona<\/strong><\/td>\n<\/tr>\n<tr>\n<td>Zintegrowany<\/td>\n<td>Ochrona wej\u015bcia fotowoltaicznego przed piorunami, ochrona przed wysp\u0105, ochrona przed odwrotn\u0105 polaryzacj\u0105 wej\u015bcia \u0142a\u0144cucha fotowoltaicznego, wykrywanie rezystora izolacji, modu\u0142 monitorowania pr\u0105du r\u00f3\u017cnicowego, zabezpieczenie nadpr\u0105dowe na wyj\u015bciu, zabezpieczenie przed zwarciem na wyj\u015bciu<\/td>\n<\/tr>\n<tr>\n<td>Wykrywanie usterek PV ARC<\/td>\n<td>Opcjonalny<\/td>\n<\/tr>\n<tr>\n<td>Zabezpieczenie przed przepi\u0119ciem wyj\u015bciowym<\/td>\n<td>Typ pr\u0105du sta\u0142ego II\/typ pr\u0105du przemiennego III<\/td>\n<\/tr>\n<tr>\n<td colspan=\"2\"><strong>Certyfikacja i standardy<\/strong><\/td>\n<\/tr>\n<tr>\n<td>Rozporz\u0105dzenie w sprawie sieci<\/td>\n<td>CEI 0-21,VDE-AR-N 4105,NRS 097,IEC61727,G99,G98,VDE 0126-1-1,RD 1699,C10-11<\/td>\n<\/tr>\n<tr>\n<td>Przepisy dotycz\u0105ce kompatybilno\u015bci elektromagnetycznej\/bezpiecze\u0144stwa<\/td>\n<td>IEC\/EN 62109-1 IEC\/EN 62109-2,IEC\/EN 61000-6-1,IEC\/EN 61000-6-2, IEC\/EN 61000-6-3, IEC\/EN 61000-6-4<\/td>\n<\/tr>\n<tr>\n<td colspan=\"2\"><strong>Og\u00f3lne dane<\/strong><\/td>\n<\/tr>\n<tr>\n<td>Zakres temperatury roboczej (\u2103)<\/td>\n<td>-45~60,\uff1e45 Obni\u017cenie warto\u015bci znamionowych<\/td>\n<\/tr>\n<tr>\n<td>Ch\u0142odzenie<\/td>\n<td>Inteligentne ch\u0142odzenie<\/td>\n<\/tr>\n<tr>\n<td>Ha\u0142as (dB)<\/td>\n<td>\u226445<\/td>\n<\/tr>\n<tr>\n<td>Komunikacja z BMS-em<\/td>\n<td>CAN, RS485<\/td>\n<\/tr>\n<tr>\n<td>waga (kg)<\/td>\n<td>34<\/td>\n<\/tr>\n<tr>\n<td>Wymiary (mm)<\/td>\n<td>567 szer. \u00d7 467 wys. \u00d7 292 g\u0142<\/td>\n<\/tr>\n<tr>\n<td>Poziom zabezpiecze\u0144<\/td>\n<td>IP65<\/td>\n<\/tr>\n<tr>\n<td>Styl instalacji<\/td>\n<td>Na\u015bcienny<\/td>\n<\/tr>\n<\/tbody>\n<\/table>\n","protected":false},"excerpt":{"rendered":"<p>Znamionowa moc wyj\u015bciowa pr\u0105du przemiennego 5\u201310 kW Opcjonalne wykrywanie uszkodze\u0144 \u0142uku elektrycznego Wsparcie magazynowania energii z generatora diesla Obs\u0142uga prze\u0142\u0105cznika<\/p>\n","protected":false},"featured_media":8264,"comment_status":"closed","ping_status":"closed","template":"","meta":[],"product_brand":[],"product_cat":[960],"product_tag":[],"class_list":{"0":"post-8191","1":"product","2":"type-product","3":"status-publish","4":"has-post-thumbnail","6":"product_cat-inwertery-hybrydowe","8":"first","9":"instock","10":"shipping-taxable","11":"purchasable","12":"product-type-simple"},"_links":{"self":[{"href":"https:\/\/pasoverde.eu\/ro\/wp-json\/wp\/v2\/product\/8191","targetHints":{"allow":["GET"]}}],"collection":[{"href":"https:\/\/pasoverde.eu\/ro\/wp-json\/wp\/v2\/product"}],"about":[{"href":"https:\/\/pasoverde.eu\/ro\/wp-json\/wp\/v2\/types\/product"}],"replies":[{"embeddable":true,"href":"https:\/\/pasoverde.eu\/ro\/wp-json\/wp\/v2\/comments?post=8191"}],"version-history":[{"count":2,"href":"https:\/\/pasoverde.eu\/ro\/wp-json\/wp\/v2\/product\/8191\/revisions"}],"predecessor-version":[{"id":8194,"href":"https:\/\/pasoverde.eu\/ro\/wp-json\/wp\/v2\/product\/8191\/revisions\/8194"}],"wp:featuredmedia":[{"embeddable":true,"href":"https:\/\/pasoverde.eu\/ro\/wp-json\/wp\/v2\/media\/8264"}],"wp:attachment":[{"href":"https:\/\/pasoverde.eu\/ro\/wp-json\/wp\/v2\/media?parent=8191"}],"wp:term":[{"taxonomy":"product_brand","embeddable":true,"href":"https:\/\/pasoverde.eu\/ro\/wp-json\/wp\/v2\/product_brand?post=8191"},{"taxonomy":"product_cat","embeddable":true,"href":"https:\/\/pasoverde.eu\/ro\/wp-json\/wp\/v2\/product_cat?post=8191"},{"taxonomy":"product_tag","embeddable":true,"href":"https:\/\/pasoverde.eu\/ro\/wp-json\/wp\/v2\/product_tag?post=8191"}],"curies":[{"name":"wp","href":"https:\/\/api.w.org\/{rel}","templated":true}]}}