{"id":8301,"date":"2024-03-19T14:23:56","date_gmt":"2024-03-19T14:23:56","guid":{"rendered":"https:\/\/pasoverde.eu\/?post_type=product&#038;p=8301"},"modified":"2024-03-19T14:23:56","modified_gmt":"2024-03-19T14:23:56","slug":"inwerter-hybrydowy-mars-12g2-le-chisage-ess","status":"publish","type":"product","link":"https:\/\/pasoverde.eu\/en\/produkt\/inwerter-hybrydowy-mars-12g2-le-chisage-ess\/","title":{"rendered":"Inwerter hybrydowy Mars-12G2-LE CHISAGE ESS"},"content":{"rendered":"<p><a href=\"https:\/\/pasoverde.eu\/wp-content\/uploads\/2024\/03\/CHISAGE-ESS.webp\"><img fetchpriority=\"high\" decoding=\"async\" class=\"size-full wp-image-7857\" src=\"https:\/\/pasoverde.eu\/wp-content\/uploads\/2024\/03\/CHISAGE-ESS.webp\" alt=\"CHISAGE ESS\" width=\"400\" height=\"400\" srcset=\"https:\/\/pasoverde.eu\/wp-content\/uploads\/2024\/03\/CHISAGE-ESS.webp 400w, https:\/\/pasoverde.eu\/wp-content\/uploads\/2024\/03\/CHISAGE-ESS-300x300.webp 300w, https:\/\/pasoverde.eu\/wp-content\/uploads\/2024\/03\/CHISAGE-ESS-150x150.webp 150w\" sizes=\"(max-width: 400px) 100vw, 400px\" \/><\/a><\/p>\n<ul>\n<li>Znamionowa moc wyj\u015bciowa pr\u0105du przemiennego 5\u201314 kW<\/li>\n<li>Opcjonalne wykrywanie uszkodze\u0144 \u0142uku elektrycznego<\/li>\n<li>Obs\u0142uga prze\u0142\u0105cznika trybu w\u0142\u0105czania\/wy\u0142\u0105czania siatki, wyj\u015bcie EPS<\/li>\n<li>Wsparcie magazynowania energii z generatora diesla<\/li>\n<li>Niezale\u017cny port wej\u015bciowy AC dla generatora diesla<\/li>\n<li>20 falownik\u00f3w PCS po\u0142\u0105czonych r\u00f3wnolegle do pracy poza sieci\u0105<\/li>\n<li>Kolorowy, dotykowy wy\u015bwietlacz LCD o przek\u0105tnej 7 cali, stopie\u0144 ochrony IP65<\/li>\n<li>Obs\u0142uga po\u0142\u0105czenia r\u00f3wnoleg\u0142ego r\u00f3\u017cnych falownik\u00f3w<\/li>\n<li>Obs\u0142uga \u0142adowania\/roz\u0142adowywania baterii zgodnie z ustawieniem czasu<\/li>\n<li>100% niezbalansowane wyj\u015bcie, ka\u017cda faza max.\u00a0moc wyj\u015bciowa do 50% mocy znamionowej<\/li>\n<\/ul>\n<p>&nbsp;<\/p>\n<p><strong>Dane techniczne<\/strong><\/p>\n<table>\n<tr>\n<th>Atrybut<\/th>\n<th>Warto\u015b\u0107<\/th>\n<\/tr>\n<tr>\n<td>Wej\u015bcie baterii<\/td>\n<td><\/td>\n<\/tr>\n<tr>\n<td>Typ Baterii<\/td>\n<td>Kwasowo-o\u0142owiowy lub litowo-jonowy<\/td>\n<\/tr>\n<tr>\n<td>Zakres napi\u0119cia akumulatora (V)<\/td>\n<td>40-60<\/td>\n<\/tr>\n<tr>\n<td>Maks. Pr\u0105d \u0142adowania (A)<\/td>\n<td>250<\/td>\n<\/tr>\n<tr>\n<td>Maks. Pr\u0105d roz\u0142adowania (A)<\/td>\n<td>250<\/td>\n<\/tr>\n<tr>\n<td>Krzywa \u0142adowania<\/td>\n<td>3 etapy\/wyr\u00f3wnanie<\/td>\n<\/tr>\n<tr>\n<td>Zewn\u0119trzny czujnik temperatury<\/td>\n<td>Opcjonalny<\/td>\n<\/tr>\n<tr>\n<td>Strategia \u0142adowania akumulatora litowo-jonowego<\/td>\n<td>Samoadaptacja do BMS<\/td>\n<\/tr>\n<tr>\n<td>Wej\u015bcie ci\u0105gu fotowoltaicznego<\/td>\n<td><\/td>\n<\/tr>\n<tr>\n<td>Maks. Moc wej\u015bciowa pr\u0105du sta\u0142ego (W)<\/td>\n<td>18 000<\/td>\n<\/tr>\n<tr>\n<td>Napi\u0119cie wej\u015bciowe PV (V)<\/td>\n<td>650(160~800)<\/td>\n<\/tr>\n<tr>\n<td>Zakres MPPT (V)<\/td>\n<td>200 ~ 700<\/td>\n<\/tr>\n<tr>\n<td>Zakres napi\u0119cia pr\u0105du sta\u0142ego przy pe\u0142nym obci\u0105\u017ceniu (V)<\/td>\n<td>260 ~ 650<\/td>\n<\/tr>\n<tr>\n<td>Napi\u0119cie rozruchowe (V)<\/td>\n<td>160<\/td>\n<\/tr>\n<tr>\n<td>Pr\u0105d wej\u015bciowy PV (A)<\/td>\n<td>26+17<\/td>\n<\/tr>\n<tr>\n<td>Maks. PV Isc (A)<\/td>\n<td>34+20<\/td>\n<\/tr>\n<tr>\n<td>Liczba tracker\u00f3w MPPT<\/td>\n<td>2<\/td>\n<\/tr>\n<tr>\n<td>Liczba ci\u0105g\u00f3w na trackery MPPT<\/td>\n<td>2+1<\/td>\n<\/tr>\n<tr>\n<td>Wyj\u015bcie AC<\/td>\n<td><\/td>\n<\/tr>\n<tr>\n<td>Znamionowa moc wyj\u015bciowa pr\u0105du przemiennego i moc UPS (W)<\/td>\n<td>12 000<\/td>\n<\/tr>\n<tr>\n<td>Maks. Moc wyj\u015bciowa pr\u0105du przemiennego (W)<\/td>\n<td>13200<\/td>\n<\/tr>\n<tr>\n<td>Moc szczytowa (poza sieci\u0105)<\/td>\n<td>2-krotno\u015b\u0107 mocy znamionowej, 10 s<\/td>\n<\/tr>\n<tr>\n<td>Pr\u0105d znamionowy wyj\u015bcia AC (A)<\/td>\n<td>18,2\/17,4<\/td>\n<\/tr>\n<tr>\n<td>Maks. Pr\u0105d przemienny (A)<\/td>\n<td>27,3\/26,1<\/td>\n<\/tr>\n<tr>\n<td>Maks. Ci\u0105g\u0142e przej\u015bcie pr\u0105du przemiennego (A)<\/td>\n<td>50<\/td>\n<\/tr>\n<tr>\n<td>Wsp\u00f3\u0142czynnik mocy<\/td>\n<td>0,8 prowadzi do 0,8 op\u00f3\u017anienia<\/td>\n<\/tr>\n<tr>\n<td>Cz\u0119stotliwo\u015b\u0107 wyj\u015bciowa i napi\u0119cie (V)<\/td>\n<td>50\/60 Hz, 380\/400 V AC (tr\u00f3jfazowy)<\/td>\n<\/tr>\n<tr>\n<td>Typ siatki<\/td>\n<td>Tr\u00f3jfazowy<\/td>\n<\/tr>\n<tr>\n<td>Aktualne zniekszta\u0142cenie harmoniczne<\/td>\n<td>THD <3% (obci\u0105\u017cenie liniowe <1,5%)<\/td>\n<\/tr>\n<tr>\n<td>Wydajno\u015b\u0107<\/td>\n<td><\/td>\n<\/tr>\n<tr>\n<td>Maks. Wydajno\u015b\u0107<\/td>\n<td>97,90%<\/td>\n<\/tr>\n<tr>\n<td>Wydajno\u015b\u0107 euro<\/td>\n<td>96,90%<\/td>\n<\/tr>\n<tr>\n<td>Wydajno\u015b\u0107 MPPT<\/td>\n<td>99,90%<\/td>\n<\/tr>\n<tr>\n<td>Ochrona<\/td>\n<td><\/td>\n<\/tr>\n<tr>\n<td>Zintegrowany Ochrona<\/td>\n<td>Ochrona wej\u015bcia fotowoltaicznego przed piorunami, ochrona przed wysp\u0105, ochrona przed odwrotn\u0105 polaryzacj\u0105 wej\u015bcia \u0142a\u0144cucha fotowoltaicznego, wykrywanie rezystora izolacji, modu\u0142 monitorowania pr\u0105du r\u00f3\u017cnicowego, zabezpieczenie nadpr\u0105dowe na wyj\u015bciu, zabezpieczenie przed zwarciem na wyj\u015bciu<\/td>\n<\/tr>\n<tr>\n<td>Wykrywanie usterek PV ARC<\/td>\n<td>Opcjonalny<\/td>\n<\/tr>\n<tr>\n<td>Zabezpieczenie przed przepi\u0119ciem wyj\u015bciowym<\/td>\n<td>Typ pr\u0105du sta\u0142ego II\/typ pr\u0105du przemiennego III<\/td>\n<\/tr>\n<tr>\n<td>Certyfikaty i standardy<\/td>\n<td><\/td>\n<\/tr>\n<tr>\n<td>Rozporz\u0105dzenie w sprawie sieci<\/td>\n<td>CEI 0-21, VDE-AR-N 4105, NRS 097, IEC 61727, G99, G98, VDE 0126-1-1, RD 1699,C10-11<\/td>\n<\/tr>\n<tr>\n<td>Przepisy bezpiecze\u0144stwa<\/td>\n<td>IEC\/EN62109-1, IEC\/EN62109-2<\/td>\n<\/tr>\n<tr>\n<td>EMC<\/td>\n<td>IEC\/EN 61000-6-1,IEC\/EN 61000-6-2, IEC\/EN 61000-6-3, IEC\/EN 61000-6-4<\/td>\n<\/tr>\n<tr>\n<td>Og\u00f3lne dane<\/td>\n<td><\/td>\n<\/tr>\n<tr>\n<td>Zakres temperatury roboczej (\u2103)<\/td>\n<td>-45~60, >45 Obni\u017cenie warto\u015bci znamionowych<\/td>\n<\/tr>\n<tr>\n<td>Ch\u0142odzenie<\/td>\n<td>Inteligentne ch\u0142odzenie<\/td>\n<\/tr>\n<tr>\n<td>Ha\u0142as (dB)<\/td>\n<td>\u226445<\/td>\n<\/tr>\n<tr>\n<td>Komunikacja z BMS-em<\/td>\n<td>CAN, RS485<\/td>\n<\/tr>\n<tr>\n<td>Waga (kg)<\/td>\n<td>44<\/td>\n<\/tr>\n<tr>\n<td>Wymiary (mm)<\/td>\n<td>510 szer. \u00d7 630 wys. \u00d7 290 g\u0142\u0119b<\/td>\n<\/tr>\n<tr>\n<td>Poziom zabezpiecze\u0144<\/td>\n<td>IP65<\/td>\n<\/tr>\n<tr>\n<td>Styl instalacji<\/td>\n<td>Na\u015bcienny<\/td>\n<\/tr>\n<\/table>\n","protected":false},"excerpt":{"rendered":"<p>Znamionowa moc wyj\u015bciowa pr\u0105du przemiennego 5\u201314 kW Opcjonalne wykrywanie uszkodze\u0144 \u0142uku elektrycznego Obs\u0142uga prze\u0142\u0105cznika trybu w\u0142\u0105czania\/wy\u0142\u0105czania siatki, wyj\u015bcie EPS Wsparcie<\/p>\n","protected":false},"featured_media":8443,"comment_status":"closed","ping_status":"closed","template":"","meta":[],"product_brand":[],"product_cat":[960],"product_tag":[],"class_list":{"0":"post-8301","1":"product","2":"type-product","3":"status-publish","4":"has-post-thumbnail","6":"product_cat-inwertery-hybrydowe","8":"first","9":"instock","10":"shipping-taxable","11":"purchasable","12":"product-type-simple"},"_links":{"self":[{"href":"https:\/\/pasoverde.eu\/en\/wp-json\/wp\/v2\/product\/8301","targetHints":{"allow":["GET"]}}],"collection":[{"href":"https:\/\/pasoverde.eu\/en\/wp-json\/wp\/v2\/product"}],"about":[{"href":"https:\/\/pasoverde.eu\/en\/wp-json\/wp\/v2\/types\/product"}],"replies":[{"embeddable":true,"href":"https:\/\/pasoverde.eu\/en\/wp-json\/wp\/v2\/comments?post=8301"}],"version-history":[{"count":2,"href":"https:\/\/pasoverde.eu\/en\/wp-json\/wp\/v2\/product\/8301\/revisions"}],"predecessor-version":[{"id":8453,"href":"https:\/\/pasoverde.eu\/en\/wp-json\/wp\/v2\/product\/8301\/revisions\/8453"}],"wp:featuredmedia":[{"embeddable":true,"href":"https:\/\/pasoverde.eu\/en\/wp-json\/wp\/v2\/media\/8443"}],"wp:attachment":[{"href":"https:\/\/pasoverde.eu\/en\/wp-json\/wp\/v2\/media?parent=8301"}],"wp:term":[{"taxonomy":"product_brand","embeddable":true,"href":"https:\/\/pasoverde.eu\/en\/wp-json\/wp\/v2\/product_brand?post=8301"},{"taxonomy":"product_cat","embeddable":true,"href":"https:\/\/pasoverde.eu\/en\/wp-json\/wp\/v2\/product_cat?post=8301"},{"taxonomy":"product_tag","embeddable":true,"href":"https:\/\/pasoverde.eu\/en\/wp-json\/wp\/v2\/product_tag?post=8301"}],"curies":[{"name":"wp","href":"https:\/\/api.w.org\/{rel}","templated":true}]}}