{"id":7940,"date":"2024-03-18T12:46:41","date_gmt":"2024-03-18T12:46:41","guid":{"rendered":"https:\/\/pasoverde.eu\/?post_type=product&#038;p=7940"},"modified":"2024-03-18T12:46:41","modified_gmt":"2024-03-18T12:46:41","slug":"magazyn-energii-moon15-g-chisage-ess","status":"publish","type":"product","link":"https:\/\/pasoverde.eu\/en\/produkt\/magazyn-energii-moon15-g-chisage-ess\/","title":{"rendered":"Magazyn energii MOON15-G CHISAGE ESS"},"content":{"rendered":"<p><a href=\"https:\/\/pasoverde.eu\/wp-content\/uploads\/2024\/03\/CHISAGE-ESS.webp\"><img fetchpriority=\"high\" decoding=\"async\" class=\"size-full wp-image-7857\" src=\"https:\/\/pasoverde.eu\/wp-content\/uploads\/2024\/03\/CHISAGE-ESS.webp\" alt=\"CHISAGE ESS\" width=\"400\" height=\"400\" srcset=\"https:\/\/pasoverde.eu\/wp-content\/uploads\/2024\/03\/CHISAGE-ESS.webp 400w, https:\/\/pasoverde.eu\/wp-content\/uploads\/2024\/03\/CHISAGE-ESS-300x300.webp 300w, https:\/\/pasoverde.eu\/wp-content\/uploads\/2024\/03\/CHISAGE-ESS-150x150.webp 150w\" sizes=\"(max-width: 400px) 100vw, 400px\" \/><\/a><\/p>\n<ul>\n<li>Energia nominalna 15 kWh<\/li>\n<li>Wysoka kompatybilno\u015b\u0107 z falownikiem<\/li>\n<li>LCD do \u0142atwego przegl\u0105dania danych<\/li>\n<li>Obs\u0142uga monitorowania Bluetooth<\/li>\n<li>Bezpieczny akumulator LiFePO4<\/li>\n<li>Wsparcie maks.\u00a015 sztuk baterii r\u00f3wnolegle<\/li>\n<li>K\u00f3\u0142ka na spodzie u\u0142atwiaj\u0105ce przemieszczanie<\/li>\n<\/ul>\n<p>&nbsp;<\/p>\n<p><strong>Dane techniczne<\/strong><\/p>\n<table>\n<tbody>\n<tr>\n<th>Model<\/th>\n<td>MOON15-G<\/td>\n<\/tr>\n<tr>\n<th>Energia nominalna (Wh)<\/th>\n<td>15 360<\/td>\n<\/tr>\n<tr>\n<th>Energia u\u017cytkowa (Wh)<\/th>\n<td>13 800<\/td>\n<\/tr>\n<tr>\n<th>Pojemno\u015b\u0107 nominalna (Ah)<\/th>\n<td>300<\/td>\n<\/tr>\n<tr>\n<th>Napi\u0119cie nominalne (V)<\/th>\n<td>51.2<\/td>\n<\/tr>\n<tr>\n<th>Zakres napi\u0119cia roboczego (V)<\/th>\n<td>40 V ~ 58,4 V<\/td>\n<\/tr>\n<tr>\n<th>Standardowy pr\u0105d \u0142adowania (A)<\/th>\n<td>150<\/td>\n<\/tr>\n<tr>\n<th>Standardowy pr\u0105d roz\u0142adowania (A)<\/th>\n<td>150<\/td>\n<\/tr>\n<tr>\n<th>Maks. Pr\u0105d \u0142adowania (A)<\/th>\n<td>150<\/td>\n<\/tr>\n<tr>\n<th>Maks. Pr\u0105d roz\u0142adowania (A)<\/th>\n<td>150<\/td>\n<\/tr>\n<tr>\n<th>Ch\u0142odzenie<\/th>\n<td>Naturalne ch\u0142odzenie<\/td>\n<\/tr>\n<tr>\n<th>Operacja Temperatura<\/th>\n<td>Temperatura \u0142adowania: 0\u00b0C~55\u00b0C;<br \/>\nTemperatura roz\u0142adowania: -20\u00b0C~55\u00b0C<\/td>\n<\/tr>\n<tr>\n<th>Wilgotno\u015b\u0107 robocza<\/th>\n<td>20 ~ 80% wilgotno\u015bci wzgl\u0119dnej<\/td>\n<\/tr>\n<tr>\n<th>Poziom zabezpiecze\u0144<\/th>\n<td>IP21<\/td>\n<\/tr>\n<tr>\n<th>Wymiar (mm)<\/th>\n<td>550*269*957 (szer.*g\u0142.*wys.)<\/td>\n<\/tr>\n<tr>\n<th>Masa netto (kg)<\/th>\n<td>135<\/td>\n<\/tr>\n<tr>\n<th>Typ instalacji<\/th>\n<td>Montowany na pod\u0142odze<\/td>\n<\/tr>\n<tr>\n<th>Orzecznictwo<\/th>\n<td>CE, UN38.3, ROHS<\/td>\n<\/tr>\n<tr>\n<th>Komunikacja<\/th>\n<td>CAN, RS485<\/td>\n<\/tr>\n<tr>\n<th>Do\u017cywotni<\/th>\n<td>6000 cykli przy 100% DOD<\/td>\n<\/tr>\n<tr>\n<th>Gwarancja<\/th>\n<td>5 lat<\/td>\n<\/tr>\n<\/tbody>\n<\/table>\n","protected":false},"excerpt":{"rendered":"<p>Energia nominalna 15 kWh Wysoka kompatybilno\u015b\u0107 z falownikiem LCD do \u0142atwego przegl\u0105dania danych Obs\u0142uga monitorowania Bluetooth Bezpieczny akumulator LiFePO4 Wsparcie<\/p>\n","protected":false},"featured_media":7965,"comment_status":"closed","ping_status":"closed","template":"","meta":[],"product_brand":[],"product_cat":[955],"product_tag":[],"class_list":{"0":"post-7940","1":"product","2":"type-product","3":"status-publish","4":"has-post-thumbnail","6":"product_cat-magazyny-energii","8":"first","9":"instock","10":"shipping-taxable","11":"purchasable","12":"product-type-simple"},"_links":{"self":[{"href":"https:\/\/pasoverde.eu\/en\/wp-json\/wp\/v2\/product\/7940","targetHints":{"allow":["GET"]}}],"collection":[{"href":"https:\/\/pasoverde.eu\/en\/wp-json\/wp\/v2\/product"}],"about":[{"href":"https:\/\/pasoverde.eu\/en\/wp-json\/wp\/v2\/types\/product"}],"replies":[{"embeddable":true,"href":"https:\/\/pasoverde.eu\/en\/wp-json\/wp\/v2\/comments?post=7940"}],"version-history":[{"count":1,"href":"https:\/\/pasoverde.eu\/en\/wp-json\/wp\/v2\/product\/7940\/revisions"}],"predecessor-version":[{"id":7969,"href":"https:\/\/pasoverde.eu\/en\/wp-json\/wp\/v2\/product\/7940\/revisions\/7969"}],"wp:featuredmedia":[{"embeddable":true,"href":"https:\/\/pasoverde.eu\/en\/wp-json\/wp\/v2\/media\/7965"}],"wp:attachment":[{"href":"https:\/\/pasoverde.eu\/en\/wp-json\/wp\/v2\/media?parent=7940"}],"wp:term":[{"taxonomy":"product_brand","embeddable":true,"href":"https:\/\/pasoverde.eu\/en\/wp-json\/wp\/v2\/product_brand?post=7940"},{"taxonomy":"product_cat","embeddable":true,"href":"https:\/\/pasoverde.eu\/en\/wp-json\/wp\/v2\/product_cat?post=7940"},{"taxonomy":"product_tag","embeddable":true,"href":"https:\/\/pasoverde.eu\/en\/wp-json\/wp\/v2\/product_tag?post=7940"}],"curies":[{"name":"wp","href":"https:\/\/api.w.org\/{rel}","templated":true}]}}