{"id":8069,"date":"2024-03-18T13:56:36","date_gmt":"2024-03-18T13:56:36","guid":{"rendered":"https:\/\/pasoverde.eu\/?post_type=product&#038;p=8069"},"modified":"2024-03-18T13:56:37","modified_gmt":"2024-03-18T13:56:37","slug":"inwerter-jednofazowy-ce-1p3keg-minichisage-ess","status":"publish","type":"product","link":"https:\/\/pasoverde.eu\/de\/produkt\/inwerter-jednofazowy-ce-1p3keg-minichisage-ess\/","title":{"rendered":"Inwerter jednofazowy CE-1P3KEG-Mini\tCHISAGE ESS"},"content":{"rendered":"<p><a href=\"https:\/\/pasoverde.eu\/wp-content\/uploads\/2024\/03\/CHISAGE-ESS.webp\"><img fetchpriority=\"high\" decoding=\"async\" class=\"size-full wp-image-7857\" src=\"https:\/\/pasoverde.eu\/wp-content\/uploads\/2024\/03\/CHISAGE-ESS.webp\" alt=\"CHISAGE ESS\" width=\"400\" height=\"400\" srcset=\"https:\/\/pasoverde.eu\/wp-content\/uploads\/2024\/03\/CHISAGE-ESS.webp 400w, https:\/\/pasoverde.eu\/wp-content\/uploads\/2024\/03\/CHISAGE-ESS-300x300.webp 300w, https:\/\/pasoverde.eu\/wp-content\/uploads\/2024\/03\/CHISAGE-ESS-150x150.webp 150w\" sizes=\"(max-width: 400px) 100vw, 400px\" \/><\/a><\/p>\n<ul>\n<li>Znamionowa moc wyj\u015bciowa 2\u20134 \u200b\u200bkW<\/li>\n<li>Stopie\u0144 ochrony IP66<\/li>\n<li>Wysoka wydajno\u015b\u0107 konwertera<\/li>\n<li>Opcjonalne wykrywanie uszkodze\u0144 \u0142uku elektrycznego<\/li>\n<li>Wysoki pr\u0105d wej\u015bciowy PV, do 18A<\/li>\n<li>Niskie napi\u0119cie rozruchowe instalacji fotowoltaicznej, generuj energi\u0119 wcze\u015bniej<\/li>\n<li>Obs\u0142uga komunikacji Bluetooth, \u0142atwiejsza konfiguracja i monitorowanie parametr\u00f3w falownika<\/li>\n<\/ul>\n<p>&nbsp;<\/p>\n<p><strong>Dane techniczne<\/strong><\/p>\n<table>\n<tbody>\n<tr>\n<th>Parametr<\/th>\n<th>Warto\u015b\u0107<\/th>\n<\/tr>\n<tr>\n<td colspan=\"2\"><strong>Wej\u015bcie (PV)<\/strong><\/td>\n<\/tr>\n<tr>\n<td>Maks. Napi\u0119cie wej\u015bciowe (V)<\/td>\n<td>600<\/td>\n<\/tr>\n<tr>\n<td>Rozruchowe napi\u0119cie wej\u015bciowe (V)<\/td>\n<td>40<\/td>\n<\/tr>\n<tr>\n<td>Zakres napi\u0119cia MPPT (V)<\/td>\n<td>80 ~ 580<\/td>\n<\/tr>\n<tr>\n<td>Maks. Pr\u0105d wej\u015bciowy (A)<\/td>\n<td>18<\/td>\n<\/tr>\n<tr>\n<td>Maks. Pr\u0105d zwarciowy (A)<\/td>\n<td>22<\/td>\n<\/tr>\n<tr>\n<td>Liczba MPPT<\/td>\n<td>1<\/td>\n<\/tr>\n<tr>\n<td>Numer ci\u0105gu na MPPT<\/td>\n<td>1<\/td>\n<\/tr>\n<tr>\n<td colspan=\"2\"><strong>Wyj\u015bcie (siatka)<\/strong><\/td>\n<\/tr>\n<tr>\n<td>Znamionowa moc wyj\u015bciowa (kW)<\/td>\n<td>3<\/td>\n<\/tr>\n<tr>\n<td>Maks. Wyj\u015bciowa moc pozorna (kVA)<\/td>\n<td>3<\/td>\n<\/tr>\n<tr>\n<td>Maks. Wyj\u015bciowa moc czynna (kW)<\/td>\n<td>3<\/td>\n<\/tr>\n<tr>\n<td>Znamionowe napi\u0119cie pr\u0105du przemiennego (V)<\/td>\n<td>220\/230\/240, L+N+PE<\/td>\n<\/tr>\n<tr>\n<td>Zakres napi\u0119cia AC (V)<\/td>\n<td>180 ~ 300 (regulowane)<\/td>\n<\/tr>\n<tr>\n<td>Maks. Pr\u0105d wyj\u015bciowy (A)<\/td>\n<td>13<\/td>\n<\/tr>\n<tr>\n<td>Znamionowa cz\u0119stotliwo\u015b\u0107 sieci (Hz)<\/td>\n<td>50\/60<\/td>\n<\/tr>\n<tr>\n<td>Zakres cz\u0119stotliwo\u015bci sieci (Hz)<\/td>\n<td>45 ~ 55\/55 ~ 65<\/td>\n<\/tr>\n<tr>\n<td>Wsp\u00f3\u0142czynnik mocy<\/td>\n<td>&gt; 0,99, 0,8 wyprzedzenia ~ 0,8 op\u00f3\u017anienia<\/td>\n<\/tr>\n<tr>\n<td>THDi<\/td>\n<td>&lt;3%<\/td>\n<\/tr>\n<tr>\n<td>Wtrysk pr\u0105du sta\u0142ego<\/td>\n<td>&lt;0,5% ln<\/td>\n<\/tr>\n<tr>\n<td colspan=\"2\"><strong>Efektywno\u015b\u0107<\/strong><\/td>\n<\/tr>\n<tr>\n<td>Maks. Efektywno\u015b\u0107<\/td>\n<td>98,6%<\/td>\n<\/tr>\n<tr>\n<td>Europejska efektywno\u015b\u0107<\/td>\n<td>98,1%<\/td>\n<\/tr>\n<tr>\n<td colspan=\"2\"><strong>Ochrona<\/strong><\/td>\n<\/tr>\n<tr>\n<td>Monitorowanie zwarcia doziemnego<\/td>\n<td>Wsparcie<\/td>\n<\/tr>\n<tr>\n<td>Zabezpieczenie przed przepi\u0119ciem wyj\u015bciowym<\/td>\n<td>Wsparcie<\/td>\n<\/tr>\n<tr>\n<td>Ochrona przed wyspowaniem<\/td>\n<td>Wsparcie<\/td>\n<\/tr>\n<tr>\n<td>Zintegrowany AFCI<\/td>\n<td>Opcjonalny<\/td>\n<\/tr>\n<tr>\n<td>Ochrona przed odwr\u00f3ceniem pr\u0105du sta\u0142ego<\/td>\n<td>Wsparcie<\/td>\n<\/tr>\n<tr>\n<td>Ogranicznik przepi\u0119\u0107<\/td>\n<td>Typ pr\u0105du sta\u0142ego II\/typ pr\u0105du przemiennego III<\/td>\n<\/tr>\n<tr>\n<td colspan=\"2\"><strong>Og\u00f3lny<\/strong><\/td>\n<\/tr>\n<tr>\n<td>Topologia<\/td>\n<td>Beztransformatorowy<\/td>\n<\/tr>\n<tr>\n<td>Stopie\u0144 ochrony<\/td>\n<td>IP66<\/td>\n<\/tr>\n<tr>\n<td>Ch\u0142odzenie<\/td>\n<td>Naturalne ch\u0142odzenie<\/td>\n<\/tr>\n<tr>\n<td>Zakres temperatury roboczej (\u00b0C)<\/td>\n<td>-25~ +60, &gt;45 obni\u017cenie warto\u015bci znamionowych<\/td>\n<\/tr>\n<tr>\n<td>Zakres wilgotno\u015bci wzgl\u0119dnej<\/td>\n<td>0-100% (bez kondensacji)<\/td>\n<\/tr>\n<tr>\n<td>Maks. Wysoko\u015b\u0107 robocza (m)<\/td>\n<td>3 000<\/td>\n<\/tr>\n<tr>\n<td>Emisja ha\u0142asu (dB)<\/td>\n<td>\u226420<\/td>\n<\/tr>\n<tr>\n<td>Wymiar (mm)<\/td>\n<td>342 szer. \u00d7 352 wys. \u00d7 110 g\u0142<\/td>\n<\/tr>\n<tr>\n<td>Waga (kg)<\/td>\n<td>6<\/td>\n<\/tr>\n<tr>\n<td>Wy\u015bwietlacz<\/td>\n<td>Bezprzewodowe, aplikacja, LCD<\/td>\n<\/tr>\n<tr>\n<td>Komunikacja<\/td>\n<td>Wi-Fi (2,4G), 4G, GPRS, Bluetooth, RS485<\/td>\n<\/tr>\n<tr>\n<td colspan=\"2\"><strong>Orzecznictwo<\/strong><\/td>\n<\/tr>\n<tr>\n<td>Standard bezpiecze\u0144stwa<\/td>\n<td>IEC62109-1\/-2<\/td>\n<\/tr>\n<tr>\n<td>Norma EMC<\/td>\n<td>IEC61000-6-1\/-2\/-3<\/td>\n<\/tr>\n<tr>\n<td>Kod sieciowy<\/td>\n<td>AS4777.2, EN50549-1, G98, G99, ABNT NBR16149, ABNT NBR16150, VDE4105, CEI0-21, RD1699<\/td>\n<\/tr>\n<\/tbody>\n<\/table>\n","protected":false},"excerpt":{"rendered":"<p>Znamionowa moc wyj\u015bciowa 2\u20134 \u200b\u200bkW Stopie\u0144 ochrony IP66 Wysoka wydajno\u015b\u0107 konwertera Opcjonalne wykrywanie uszkodze\u0144 \u0142uku elektrycznego Wysoki pr\u0105d wej\u015bciowy PV,<\/p>\n","protected":false},"featured_media":8082,"comment_status":"closed","ping_status":"closed","template":"","meta":[],"product_brand":[],"product_cat":[957],"product_tag":[],"class_list":{"0":"post-8069","1":"product","2":"type-product","3":"status-publish","4":"has-post-thumbnail","6":"product_cat-inwertery-jednofazowe","8":"first","9":"instock","10":"shipping-taxable","11":"purchasable","12":"product-type-simple"},"_links":{"self":[{"href":"https:\/\/pasoverde.eu\/de\/wp-json\/wp\/v2\/product\/8069","targetHints":{"allow":["GET"]}}],"collection":[{"href":"https:\/\/pasoverde.eu\/de\/wp-json\/wp\/v2\/product"}],"about":[{"href":"https:\/\/pasoverde.eu\/de\/wp-json\/wp\/v2\/types\/product"}],"replies":[{"embeddable":true,"href":"https:\/\/pasoverde.eu\/de\/wp-json\/wp\/v2\/comments?post=8069"}],"version-history":[{"count":1,"href":"https:\/\/pasoverde.eu\/de\/wp-json\/wp\/v2\/product\/8069\/revisions"}],"predecessor-version":[{"id":8091,"href":"https:\/\/pasoverde.eu\/de\/wp-json\/wp\/v2\/product\/8069\/revisions\/8091"}],"wp:featuredmedia":[{"embeddable":true,"href":"https:\/\/pasoverde.eu\/de\/wp-json\/wp\/v2\/media\/8082"}],"wp:attachment":[{"href":"https:\/\/pasoverde.eu\/de\/wp-json\/wp\/v2\/media?parent=8069"}],"wp:term":[{"taxonomy":"product_brand","embeddable":true,"href":"https:\/\/pasoverde.eu\/de\/wp-json\/wp\/v2\/product_brand?post=8069"},{"taxonomy":"product_cat","embeddable":true,"href":"https:\/\/pasoverde.eu\/de\/wp-json\/wp\/v2\/product_cat?post=8069"},{"taxonomy":"product_tag","embeddable":true,"href":"https:\/\/pasoverde.eu\/de\/wp-json\/wp\/v2\/product_tag?post=8069"}],"curies":[{"name":"wp","href":"https:\/\/api.w.org\/{rel}","templated":true}]}}