{"id":8024,"date":"2024-03-18T13:13:49","date_gmt":"2024-03-18T13:13:49","guid":{"rendered":"https:\/\/pasoverde.eu\/?post_type=product&#038;p=8024"},"modified":"2024-03-18T13:13:49","modified_gmt":"2024-03-18T13:13:49","slug":"mikroinwerter-ant-2000g1-us-chisage-ess","status":"publish","type":"product","link":"https:\/\/pasoverde.eu\/de\/produkt\/mikroinwerter-ant-2000g1-us-chisage-ess\/","title":{"rendered":"Mikroinwerter Ant-2000G1-US CHISAGE ESS"},"content":{"rendered":"<p><a href=\"https:\/\/pasoverde.eu\/wp-content\/uploads\/2024\/03\/CHISAGE-ESS.webp\"><img fetchpriority=\"high\" decoding=\"async\" class=\"size-full wp-image-7857\" src=\"https:\/\/pasoverde.eu\/wp-content\/uploads\/2024\/03\/CHISAGE-ESS.webp\" alt=\"CHISAGE ESS\" width=\"400\" height=\"400\" srcset=\"https:\/\/pasoverde.eu\/wp-content\/uploads\/2024\/03\/CHISAGE-ESS.webp 400w, https:\/\/pasoverde.eu\/wp-content\/uploads\/2024\/03\/CHISAGE-ESS-300x300.webp 300w, https:\/\/pasoverde.eu\/wp-content\/uploads\/2024\/03\/CHISAGE-ESS-150x150.webp 150w\" sizes=\"(max-width: 400px) 100vw, 400px\" \/><\/a><\/p>\n<ul>\n<li><span>Znamionowa moc wyj\u015bciowa 2000 W<\/span><\/li>\n<li><span>Zdalny monitor WiFi<\/span><\/li>\n<li><span>Stopie\u0144 ochrony IP67<\/span><\/li>\n<li><span>Indywidualne \u015bledzenie MPPT<\/span><\/li>\n<li><span>Obs\u0142uga operacji r\u00f3wnoleg\u0142ych<\/span><\/li>\n<li><span>Ekonomiczna, \u0142atwa obs\u0142uga<\/span><\/li>\n<li><span>Wysoka niezawodno\u015b\u0107 i wydajno\u015b\u0107 do 96%<\/span><\/li>\n<\/ul>\n<p>&nbsp;<\/p>\n<p><strong>Dane techniczne<\/strong><\/p>\n<table>\n<tbody>\n<tr>\n<th>Parametr<\/th>\n<th>Warto\u015b\u0107<\/th>\n<\/tr>\n<tr>\n<td>Zalecana moc wej\u015bciowa (Wp)<\/td>\n<td>280 do 550 W+ (4 sztuki)<\/td>\n<\/tr>\n<tr>\n<td>Maks. Wej\u015bciowe napi\u0119cie pr\u0105du sta\u0142ego (Vdc)<\/td>\n<td>60<\/td>\n<\/tr>\n<tr>\n<td>Zakres napi\u0119cia MPPT (Vdc)<\/td>\n<td>25 ~ 55<\/td>\n<\/tr>\n<tr>\n<td>Napi\u0119cie rozruchowe (Vdc)<\/td>\n<td>20<\/td>\n<\/tr>\n<tr>\n<td>Maks. Pr\u0105d wej\u015bciowy (A)<\/td>\n<td>13,5\u00d74<\/td>\n<\/tr>\n<tr>\n<td>Maks. Pr\u0105d zwarciowy DC (A)<\/td>\n<td>16,5\u00d74<\/td>\n<\/tr>\n<tr>\n<td>Znamionowa moc wyj\u015bciowa (W)<\/td>\n<td>2000<\/td>\n<\/tr>\n<tr>\n<td>Znamionowy pr\u0105d wyj\u015bciowy (A)<\/td>\n<td>9.1<\/td>\n<\/tr>\n<tr>\n<td>Nominalne napi\u0119cie sieciowe (V)<\/td>\n<td>220<\/td>\n<\/tr>\n<tr>\n<td>Zakres napi\u0119cia sieciowego (V)<\/td>\n<td>184~253<\/td>\n<\/tr>\n<tr>\n<td>Cz\u0119stotliwo\u015b\u0107 nominalna (Hz)<\/td>\n<td>60<\/td>\n<\/tr>\n<tr>\n<td>Zakres cz\u0119stotliwo\u015bci (Hz)<\/td>\n<td>55 ~ 65<\/td>\n<\/tr>\n<tr>\n<td>Wsp\u00f3\u0142czynnik mocy<\/td>\n<td>0,99<\/td>\n<\/tr>\n<tr>\n<td>Maksymalna liczba jednostek na oddzia\u0142<\/td>\n<td>3<\/td>\n<\/tr>\n<tr>\n<td>Wydajno\u015b\u0107 wa\u017cona CEC<\/td>\n<td>95,5%<\/td>\n<\/tr>\n<tr>\n<td>Szczytowa wydajno\u015b\u0107 falownika<\/td>\n<td>96,0%<\/td>\n<\/tr>\n<tr>\n<td>Wydajno\u015b\u0107 toru MPPT<\/td>\n<td>&gt;99%<\/td>\n<\/tr>\n<tr>\n<td>Pob\u00f3r mocy w nocy (W)<\/td>\n<td>&lt;50<\/td>\n<\/tr>\n<tr>\n<td>Zakres temperatury roboczej (\u00b0C)<\/td>\n<td>-40 ~ 65<\/td>\n<\/tr>\n<tr>\n<td>Wymiar (mm)<\/td>\n<td>300 szer. \u00d7 280 wys. \u00d7 50 g\u0142. (bez wspornika monta\u017cowego i kabla)<\/td>\n<\/tr>\n<tr>\n<td>Waga (kg)<\/td>\n<td>4,5<\/td>\n<\/tr>\n<tr>\n<td>Ch\u0142odzenie<\/td>\n<td>Naturalne ch\u0142odzenie<\/td>\n<\/tr>\n<tr>\n<td>Ha\u0142as (dB)<\/td>\n<td>&lt;15<\/td>\n<\/tr>\n<tr>\n<td>Poziom zabezpiecze\u0144<\/td>\n<td>IP67<\/td>\n<\/tr>\n<tr>\n<td>Wy\u015bwietlacz<\/td>\n<td>LED, APLIKACJA<\/td>\n<\/tr>\n<tr>\n<td>Komunikacja<\/td>\n<td>Wbudowane Wi-Fi<\/td>\n<\/tr>\n<tr>\n<td>Zgodno\u015b\u0107<\/td>\n<td>IEC 62109, IEC 61000, VDE4105<\/td>\n<\/tr>\n<\/tbody>\n<\/table>\n","protected":false},"excerpt":{"rendered":"<p>Znamionowa moc wyj\u015bciowa 2000 W Zdalny monitor WiFi Stopie\u0144 ochrony IP67 Indywidualne \u015bledzenie MPPT Obs\u0142uga operacji r\u00f3wnoleg\u0142ych Ekonomiczna, \u0142atwa obs\u0142uga<\/p>\n","protected":false},"featured_media":8041,"comment_status":"closed","ping_status":"closed","template":"","meta":[],"product_brand":[],"product_cat":[956],"product_tag":[],"class_list":{"0":"post-8024","1":"product","2":"type-product","3":"status-publish","4":"has-post-thumbnail","6":"product_cat-mikroinwertery","8":"first","9":"instock","10":"shipping-taxable","11":"purchasable","12":"product-type-simple"},"_links":{"self":[{"href":"https:\/\/pasoverde.eu\/de\/wp-json\/wp\/v2\/product\/8024","targetHints":{"allow":["GET"]}}],"collection":[{"href":"https:\/\/pasoverde.eu\/de\/wp-json\/wp\/v2\/product"}],"about":[{"href":"https:\/\/pasoverde.eu\/de\/wp-json\/wp\/v2\/types\/product"}],"replies":[{"embeddable":true,"href":"https:\/\/pasoverde.eu\/de\/wp-json\/wp\/v2\/comments?post=8024"}],"version-history":[{"count":1,"href":"https:\/\/pasoverde.eu\/de\/wp-json\/wp\/v2\/product\/8024\/revisions"}],"predecessor-version":[{"id":8045,"href":"https:\/\/pasoverde.eu\/de\/wp-json\/wp\/v2\/product\/8024\/revisions\/8045"}],"wp:featuredmedia":[{"embeddable":true,"href":"https:\/\/pasoverde.eu\/de\/wp-json\/wp\/v2\/media\/8041"}],"wp:attachment":[{"href":"https:\/\/pasoverde.eu\/de\/wp-json\/wp\/v2\/media?parent=8024"}],"wp:term":[{"taxonomy":"product_brand","embeddable":true,"href":"https:\/\/pasoverde.eu\/de\/wp-json\/wp\/v2\/product_brand?post=8024"},{"taxonomy":"product_cat","embeddable":true,"href":"https:\/\/pasoverde.eu\/de\/wp-json\/wp\/v2\/product_cat?post=8024"},{"taxonomy":"product_tag","embeddable":true,"href":"https:\/\/pasoverde.eu\/de\/wp-json\/wp\/v2\/product_tag?post=8024"}],"curies":[{"name":"wp","href":"https:\/\/api.w.org\/{rel}","templated":true}]}}