{"id":7833,"date":"2024-03-18T11:19:08","date_gmt":"2024-03-18T11:19:08","guid":{"rendered":"https:\/\/pasoverde.eu\/?post_type=product&#038;p=7833"},"modified":"2024-03-18T11:34:16","modified_gmt":"2024-03-18T11:34:16","slug":"magazyn-energii-moon5-r","status":"publish","type":"product","link":"https:\/\/pasoverde.eu\/de\/produkt\/magazyn-energii-moon5-r\/","title":{"rendered":"Magazyn energii MOON5-R CHISAGE ESS"},"content":{"rendered":"<p>&nbsp;<\/p>\n<p><a href=\"https:\/\/pasoverde.eu\/wp-content\/uploads\/2024\/03\/CHISAGE-ESS.webp\"><img fetchpriority=\"high\" decoding=\"async\" class=\"size-full wp-image-7857\" src=\"https:\/\/pasoverde.eu\/wp-content\/uploads\/2024\/03\/CHISAGE-ESS.webp\" alt=\"CHISAGE ESS\" width=\"400\" height=\"400\" srcset=\"https:\/\/pasoverde.eu\/wp-content\/uploads\/2024\/03\/CHISAGE-ESS.webp 400w, https:\/\/pasoverde.eu\/wp-content\/uploads\/2024\/03\/CHISAGE-ESS-300x300.webp 300w, https:\/\/pasoverde.eu\/wp-content\/uploads\/2024\/03\/CHISAGE-ESS-150x150.webp 150w\" sizes=\"(max-width: 400px) 100vw, 400px\" \/><\/a><\/p>\n<ul>\n<li>Energia nominalna 5 kWh<\/li>\n<li>Wysoka kompatybilno\u015b\u0107 z falownikiem<\/li>\n<li>Bezpieczny akumulator LiFePO4<\/li>\n<li>Wsparcie maks.\u00a015 sztuk baterii r\u00f3wnolegle<\/li>\n<li>Bez toksycznych metali ci\u0119\u017ckich i materia\u0142\u00f3w \u017cr\u0105cych<\/li>\n<li>Wy\u017cszy wsp\u00f3\u0142czynnik energii u\u017cytkowej, mniejsze zu\u017cycie w\u0142asne<\/li>\n<\/ul>\n<p><strong><br \/>\nDane techniczne<\/strong><\/p>\n<table>\n<tbody>\n<tr>\n<th>Model<\/th>\n<td>MOON5-R<\/td>\n<\/tr>\n<tr>\n<th>Energia nominalna (Wh)<\/th>\n<td>5 120<\/td>\n<\/tr>\n<tr>\n<th>Energia u\u017cytkowa (Wh)<\/th>\n<td>5 120<\/td>\n<\/tr>\n<tr>\n<th>Pojemno\u015b\u0107 nominalna (Ah)<\/th>\n<td>100<\/td>\n<\/tr>\n<tr>\n<th>Napi\u0119cie nominalne (V)<\/th>\n<td>51.2<\/td>\n<\/tr>\n<tr>\n<th>Zakres napi\u0119cia roboczego (V)<\/th>\n<td>40 ~ 58,4<\/td>\n<\/tr>\n<tr>\n<th>Standardowy pr\u0105d \u0142adowania (A)<\/th>\n<td>50<\/td>\n<\/tr>\n<tr>\n<th>Standardowy pr\u0105d roz\u0142adowania (A)<\/th>\n<td>50<\/td>\n<\/tr>\n<tr>\n<th>Maks. Pr\u0105d \u0142adowania (A)<\/th>\n<td>50<\/td>\n<\/tr>\n<tr>\n<th>Maks. Pr\u0105d roz\u0142adowania (A)<\/th>\n<td>100<\/td>\n<\/tr>\n<tr>\n<th>Maks. Ilo\u015bci r\u00f3wnoleg\u0142e<\/th>\n<td>15<\/td>\n<\/tr>\n<tr>\n<th>Operacja Temperatura<\/th>\n<td>Temperatura \u0142adowania: 0\u00b0C~55\u00b0C<br \/>\nTemperatura roz\u0142adowania: -20\u00b0C~55\u00b0C<\/td>\n<\/tr>\n<tr>\n<th>Wilgotno\u015b\u0107 robocza<\/th>\n<td>20 ~ 80% wilgotno\u015bci wzgl\u0119dnej (bez kondensacji)<\/td>\n<\/tr>\n<tr>\n<th>Poziom zabezpiecze\u0144<\/th>\n<td>IP21<\/td>\n<\/tr>\n<tr>\n<th>Wymiar (mm)<\/th>\n<td>420 W \u00d7 510 g\u0142. \u00d7 134,5 wys<\/td>\n<\/tr>\n<tr>\n<th>Masa netto (kg)<\/th>\n<td>54<\/td>\n<\/tr>\n<tr>\n<th>Instalacja<\/th>\n<td>Montowany w stojaku<\/td>\n<\/tr>\n<tr>\n<th>Orzecznictwo<\/th>\n<td>CE, UN38.3, IEC62619<\/td>\n<\/tr>\n<tr>\n<th>Komunikacja<\/th>\n<td>CAN, RS485<\/td>\n<\/tr>\n<tr>\n<th>Do\u017cywotni<\/th>\n<td>6 000 cykli przy 80% DOD<\/td>\n<\/tr>\n<tr>\n<th>Gwarancja<\/th>\n<td>5 lat<\/td>\n<\/tr>\n<\/tbody>\n<\/table>\n","protected":false},"excerpt":{"rendered":"<ul>\n<li>Energia nominalna 5 kWh<\/li>\n<li>Wysoka kompatybilno\u015b\u0107 z falownikiem<\/li>\n<li>Bezpieczny akumulator LiFePO4<\/li>\n<li>Wsparcie maks.\u00a015 sztuk baterii r\u00f3wnolegle<\/li>\n<li>Bez toksycznych metali ci\u0119\u017ckich i materia\u0142\u00f3w \u017cr\u0105cych<\/li>\n<li>Wy\u017cszy wsp\u00f3\u0142czynnik energii u\u017cytkowej, mniejsze zu\u017cycie w\u0142asne<\/li>\n<\/ul>\n","protected":false},"featured_media":7850,"comment_status":"closed","ping_status":"closed","template":"","meta":[],"product_brand":[],"product_cat":[955],"product_tag":[],"class_list":{"0":"post-7833","1":"product","2":"type-product","3":"status-publish","4":"has-post-thumbnail","6":"product_cat-magazyny-energii","8":"first","9":"instock","10":"shipping-taxable","11":"purchasable","12":"product-type-simple"},"_links":{"self":[{"href":"https:\/\/pasoverde.eu\/de\/wp-json\/wp\/v2\/product\/7833","targetHints":{"allow":["GET"]}}],"collection":[{"href":"https:\/\/pasoverde.eu\/de\/wp-json\/wp\/v2\/product"}],"about":[{"href":"https:\/\/pasoverde.eu\/de\/wp-json\/wp\/v2\/types\/product"}],"replies":[{"embeddable":true,"href":"https:\/\/pasoverde.eu\/de\/wp-json\/wp\/v2\/comments?post=7833"}],"version-history":[{"count":6,"href":"https:\/\/pasoverde.eu\/de\/wp-json\/wp\/v2\/product\/7833\/revisions"}],"predecessor-version":[{"id":7887,"href":"https:\/\/pasoverde.eu\/de\/wp-json\/wp\/v2\/product\/7833\/revisions\/7887"}],"wp:featuredmedia":[{"embeddable":true,"href":"https:\/\/pasoverde.eu\/de\/wp-json\/wp\/v2\/media\/7850"}],"wp:attachment":[{"href":"https:\/\/pasoverde.eu\/de\/wp-json\/wp\/v2\/media?parent=7833"}],"wp:term":[{"taxonomy":"product_brand","embeddable":true,"href":"https:\/\/pasoverde.eu\/de\/wp-json\/wp\/v2\/product_brand?post=7833"},{"taxonomy":"product_cat","embeddable":true,"href":"https:\/\/pasoverde.eu\/de\/wp-json\/wp\/v2\/product_cat?post=7833"},{"taxonomy":"product_tag","embeddable":true,"href":"https:\/\/pasoverde.eu\/de\/wp-json\/wp\/v2\/product_tag?post=7833"}],"curies":[{"name":"wp","href":"https:\/\/api.w.org\/{rel}","templated":true}]}}